{"id":7294,"date":"2023-07-20T12:01:36","date_gmt":"2023-07-20T10:01:36","guid":{"rendered":"https:\/\/centralgym.ch\/?page_id=7294"},"modified":"2023-07-20T12:23:23","modified_gmt":"2023-07-20T10:23:23","slug":"munchenbuchsee-job-fitnessinstruktor","status":"publish","type":"page","link":"https:\/\/centralgym.ch\/de\/munchenbuchsee-job-fitnessinstruktor\/","title":{"rendered":"M\u00fcnchenbuchsee-job-fitnessinstruktor"},"content":{"rendered":"<div data-elementor-type=\"wp-page\" data-elementor-id=\"7294\" class=\"elementor elementor-7294\" data-elementor-post-type=\"page\">\n\t\t\t\t\t\t<section class=\"elementor-section elementor-top-section elementor-element elementor-element-08e4510 elementor-section-boxed elementor-section-height-default elementor-section-height-default\" data-id=\"08e4510\" data-element_type=\"section\" data-settings=\"{&quot;background_background&quot;:&quot;classic&quot;}\">\n\t\t\t\t\t\t<div class=\"elementor-container elementor-column-gap-default\">\n\t\t\t\t\t<div class=\"elementor-column elementor-col-100 elementor-top-column elementor-element elementor-element-c92d45d\" data-id=\"c92d45d\" data-element_type=\"column\">\n\t\t\t<div class=\"elementor-widget-wrap elementor-element-populated\">\n\t\t\t\t\t\t<div class=\"elementor-element elementor-element-94b9798 elementor-widget elementor-widget-heading\" data-id=\"94b9798\" data-element_type=\"widget\" data-settings=\"{&quot;ekit_we_effect_on&quot;:&quot;none&quot;}\" data-widget_type=\"heading.default\">\n\t\t\t\t<div class=\"elementor-widget-container\">\n\t\t\t\t\t<h2 class=\"elementor-heading-title elementor-size-default\">Fitness-Instruktor (m\/w) - 40-100%<\/h2>\t\t\t\t<\/div>\n\t\t\t\t<\/div>\n\t\t\t\t<div class=\"elementor-element elementor-element-8643e96 elementor-widget elementor-widget-heading\" data-id=\"8643e96\" data-element_type=\"widget\" data-settings=\"{&quot;ekit_we_effect_on&quot;:&quot;none&quot;}\" data-widget_type=\"heading.default\">\n\t\t\t\t<div class=\"elementor-widget-container\">\n\t\t\t\t\t<h4 class=\"elementor-heading-title elementor-size-default\">M\u00fcnchenbuchsee<\/h4>\t\t\t\t<\/div>\n\t\t\t\t<\/div>\n\t\t\t\t\t<\/div>\n\t\t<\/div>\n\t\t\t\t\t<\/div>\n\t\t<\/section>\n\t\t\t\t<section class=\"elementor-section elementor-top-section elementor-element elementor-element-48134e7 elementor-section-boxed elementor-section-height-default elementor-section-height-default\" data-id=\"48134e7\" data-element_type=\"section\">\n\t\t\t\t\t\t<div class=\"elementor-container elementor-column-gap-default\">\n\t\t\t\t\t<div class=\"elementor-column elementor-col-100 elementor-top-column elementor-element elementor-element-b4a576a\" data-id=\"b4a576a\" data-element_type=\"column\">\n\t\t\t<div class=\"elementor-widget-wrap elementor-element-populated\">\n\t\t\t\t\t\t<div class=\"elementor-element elementor-element-3af934d elementor-widget elementor-widget-heading\" data-id=\"3af934d\" data-element_type=\"widget\" data-settings=\"{&quot;ekit_we_effect_on&quot;:&quot;none&quot;}\" data-widget_type=\"heading.default\">\n\t\t\t\t<div class=\"elementor-widget-container\">\n\t\t\t\t\t<h3 class=\"elementor-heading-title elementor-size-default\">Jobbeschreibung<\/h3>\t\t\t\t<\/div>\n\t\t\t\t<\/div>\n\t\t\t\t\t<\/div>\n\t\t<\/div>\n\t\t\t\t\t<\/div>\n\t\t<\/section>\n\t\t\t\t<section class=\"elementor-section elementor-top-section elementor-element elementor-element-c518703 elementor-section-boxed elementor-section-height-default elementor-section-height-default\" data-id=\"c518703\" data-element_type=\"section\">\n\t\t\t\t\t\t<div class=\"elementor-container elementor-column-gap-default\">\n\t\t\t\t\t<div class=\"elementor-column elementor-col-100 elementor-top-column elementor-element elementor-element-f8917c0\" data-id=\"f8917c0\" data-element_type=\"column\">\n\t\t\t<div class=\"elementor-widget-wrap elementor-element-populated\">\n\t\t\t\t\t\t<div class=\"elementor-element elementor-element-5556575 elementor-widget elementor-widget-text-editor\" data-id=\"5556575\" data-element_type=\"widget\" data-settings=\"{&quot;ekit_we_effect_on&quot;:&quot;none&quot;}\" data-widget_type=\"text-editor.default\">\n\t\t\t\t<div class=\"elementor-widget-container\">\n\t\t\t\t\t\t\t\t\t<p>Central Gym ist eine junge und dynamisch wachsende Fitnesskette, bekannt f\u00fcr ihre hochwertigen Einrichtungen und ihr Engagement f\u00fcr Spitzenleistungen. Unsere modernen, gut ausgestatteten Studios bieten eine motivierende Umgebung f\u00fcr Fitness und Wohlbefinden. Jedes Detail unserer R\u00e4umlichkeiten wurde sorgf\u00e4ltig geplant, um ein au\u00dfergew\u00f6hnliches Trainingserlebnis zu bieten und die Erwartungen unserer Mitglieder stets zu \u00fcbertreffen.<\/p>\t\t\t\t\t\t\t\t<\/div>\n\t\t\t\t<\/div>\n\t\t\t\t\t<\/div>\n\t\t<\/div>\n\t\t\t\t\t<\/div>\n\t\t<\/section>\n\t\t\t\t<section class=\"elementor-section elementor-top-section elementor-element elementor-element-9e28dc5 elementor-section-boxed elementor-section-height-default elementor-section-height-default\" data-id=\"9e28dc5\" data-element_type=\"section\">\n\t\t\t\t\t\t<div class=\"elementor-container elementor-column-gap-default\">\n\t\t\t\t\t<div class=\"elementor-column elementor-col-100 elementor-top-column elementor-element elementor-element-7e26d43\" data-id=\"7e26d43\" data-element_type=\"column\">\n\t\t\t<div class=\"elementor-widget-wrap elementor-element-populated\">\n\t\t\t\t\t\t<div class=\"elementor-element elementor-element-e68bfe6 elementor-widget elementor-widget-heading\" data-id=\"e68bfe6\" data-element_type=\"widget\" data-settings=\"{&quot;ekit_we_effect_on&quot;:&quot;none&quot;}\" data-widget_type=\"heading.default\">\n\t\t\t\t<div class=\"elementor-widget-container\">\n\t\t\t\t\t<h3 class=\"elementor-heading-title elementor-size-default\">Die T\u00e4tigkeit des Angestellten umfasst dabei vor allem:<\/h3>\t\t\t\t<\/div>\n\t\t\t\t<\/div>\n\t\t\t\t\t<\/div>\n\t\t<\/div>\n\t\t\t\t\t<\/div>\n\t\t<\/section>\n\t\t\t\t<section class=\"elementor-section elementor-top-section elementor-element elementor-element-ca13f6b elementor-section-boxed elementor-section-height-default elementor-section-height-default\" data-id=\"ca13f6b\" data-element_type=\"section\">\n\t\t\t\t\t\t<div class=\"elementor-container elementor-column-gap-default\">\n\t\t\t\t\t<div class=\"elementor-column elementor-col-100 elementor-top-column elementor-element elementor-element-bc811d9\" data-id=\"bc811d9\" data-element_type=\"column\">\n\t\t\t<div class=\"elementor-widget-wrap elementor-element-populated\">\n\t\t\t\t\t\t<div class=\"elementor-element elementor-element-9450fff elementor-widget elementor-widget-text-editor\" data-id=\"9450fff\" data-element_type=\"widget\" data-settings=\"{&quot;ekit_we_effect_on&quot;:&quot;none&quot;}\" data-widget_type=\"text-editor.default\">\n\t\t\t\t<div class=\"elementor-widget-container\">\n\t\t\t\t\t\t\t\t\t<ul><li>Den Verkauf von Abonnements<\/li><li>Die Betreuung der Kunden w\u00e4hrend des gesamten Trainings<\/li><li>Die Erstellung von Trainingspl\u00e4nen<\/li><li>Die Ausfu\u0308hrung von Verwaltungsarbeiten am Empfang, Beantwortung von Telefonanrufen und Kassenfu\u0308hrung<\/li><li>Die Sicherstellung von Ordnung und Sauberkeit in der gesamten Einrichtung<\/li><li>Die eigenst\u00e4ndige Fu\u0308hrung des Fitnessstudios<\/li><li>Das Abhalten von Gruppenkursen<\/li><li>Kundenbetreuung vor, w\u00e4hrend und nach der Lektion<\/li><li>Bedarfsbedingte Reinigung<\/li><\/ul>\t\t\t\t\t\t\t\t<\/div>\n\t\t\t\t<\/div>\n\t\t\t\t\t<\/div>\n\t\t<\/div>\n\t\t\t\t\t<\/div>\n\t\t<\/section>\n\t\t\t\t<section class=\"elementor-section elementor-top-section elementor-element elementor-element-7192846 elementor-section-boxed elementor-section-height-default elementor-section-height-default\" data-id=\"7192846\" data-element_type=\"section\">\n\t\t\t\t\t\t<div class=\"elementor-container elementor-column-gap-default\">\n\t\t\t\t\t<div class=\"elementor-column elementor-col-100 elementor-top-column elementor-element elementor-element-3dc44db\" data-id=\"3dc44db\" data-element_type=\"column\">\n\t\t\t<div class=\"elementor-widget-wrap elementor-element-populated\">\n\t\t\t\t\t\t<div class=\"elementor-element elementor-element-9408e06 elementor-widget elementor-widget-heading\" data-id=\"9408e06\" data-element_type=\"widget\" data-settings=\"{&quot;ekit_we_effect_on&quot;:&quot;none&quot;}\" data-widget_type=\"heading.default\">\n\t\t\t\t<div class=\"elementor-widget-container\">\n\t\t\t\t\t<h3 class=\"elementor-heading-title elementor-size-default\">Stellenanforderungen<\/h3>\t\t\t\t<\/div>\n\t\t\t\t<\/div>\n\t\t\t\t\t<\/div>\n\t\t<\/div>\n\t\t\t\t\t<\/div>\n\t\t<\/section>\n\t\t\t\t<section class=\"elementor-section elementor-top-section elementor-element elementor-element-0a01514 elementor-section-boxed elementor-section-height-default elementor-section-height-default\" data-id=\"0a01514\" data-element_type=\"section\">\n\t\t\t\t\t\t<div class=\"elementor-container elementor-column-gap-default\">\n\t\t\t\t\t<div class=\"elementor-column elementor-col-100 elementor-top-column elementor-element elementor-element-1ea318b\" data-id=\"1ea318b\" data-element_type=\"column\">\n\t\t\t<div class=\"elementor-widget-wrap elementor-element-populated\">\n\t\t\t\t\t\t<div class=\"elementor-element elementor-element-301c28a elementor-widget elementor-widget-text-editor\" data-id=\"301c28a\" data-element_type=\"widget\" data-settings=\"{&quot;ekit_we_effect_on&quot;:&quot;none&quot;}\" data-widget_type=\"text-editor.default\">\n\t\t\t\t<div class=\"elementor-widget-container\">\n\t\t\t\t\t\t\t\t\t<ul><li dir=\"auto\">Berufserfahrung in der Fitnessbranche<\/li><li dir=\"auto\">Erfahrung mit Gruppenkursen<\/li><li dir=\"auto\">Flexibilit\u00e4t<\/li><li dir=\"auto\">Motiviert mit viel Energie<\/li><\/ul>\t\t\t\t\t\t\t\t<\/div>\n\t\t\t\t<\/div>\n\t\t\t\t\t<\/div>\n\t\t<\/div>\n\t\t\t\t\t<\/div>\n\t\t<\/section>\n\t\t\t\t<section class=\"elementor-section elementor-top-section elementor-element elementor-element-071c07f elementor-section-boxed elementor-section-height-default elementor-section-height-default\" data-id=\"071c07f\" data-element_type=\"section\">\n\t\t\t\t\t\t<div class=\"elementor-container elementor-column-gap-default\">\n\t\t\t\t\t<div class=\"elementor-column elementor-col-100 elementor-top-column elementor-element elementor-element-ce97ef2\" data-id=\"ce97ef2\" data-element_type=\"column\">\n\t\t\t<div class=\"elementor-widget-wrap elementor-element-populated\">\n\t\t\t\t\t\t<div class=\"elementor-element elementor-element-46d6ec2 elementor-widget elementor-widget-text-editor\" data-id=\"46d6ec2\" data-element_type=\"widget\" data-settings=\"{&quot;ekit_we_effect_on&quot;:&quot;none&quot;}\" data-widget_type=\"text-editor.default\">\n\t\t\t\t<div class=\"elementor-widget-container\">\n\t\t\t\t\t\t\t\t\t<p><b>Bewerben Sie sich jetzt<\/b> und schlie\u00dfen Sie sich der Central Gym-Familie an. Gemeinsam k\u00f6nnen wir noch mehr Menschen inspirieren, einen aktiveren und ges\u00fcnderen Lebensstil zu f\u00fchren!<\/p>\t\t\t\t\t\t\t\t<\/div>\n\t\t\t\t<\/div>\n\t\t\t\t\t<\/div>\n\t\t<\/div>\n\t\t\t\t\t<\/div>\n\t\t<\/section>\n\t\t\t\t<section class=\"elementor-section elementor-top-section elementor-element elementor-element-5e1600c elementor-section-boxed elementor-section-height-default elementor-section-height-default\" data-id=\"5e1600c\" data-element_type=\"section\">\n\t\t\t\t\t\t<div class=\"elementor-container elementor-column-gap-default\">\n\t\t\t\t\t<div class=\"elementor-column elementor-col-100 elementor-top-column elementor-element elementor-element-1d1cf19\" data-id=\"1d1cf19\" data-element_type=\"column\">\n\t\t\t<div class=\"elementor-widget-wrap elementor-element-populated\">\n\t\t\t\t\t\t<div class=\"elementor-element elementor-element-c9d30da elementor-mobile-align-center elementor-widget elementor-widget-button\" data-id=\"c9d30da\" data-element_type=\"widget\" data-settings=\"{&quot;ekit_we_effect_on&quot;:&quot;none&quot;}\" data-widget_type=\"button.default\">\n\t\t\t\t<div class=\"elementor-widget-container\">\n\t\t\t\t\t\t\t\t\t<div class=\"elementor-button-wrapper\">\n\t\t\t\t\t<a class=\"elementor-button elementor-button-link elementor-size-xl\" href=\"https:\/\/centralgym.ch\/de\/job-fitnessinstruktor-munchenbuchsee-ads\/\">\n\t\t\t\t\t\t<span class=\"elementor-button-content-wrapper\">\n\t\t\t\t\t\t\t\t\t<span class=\"elementor-button-text\">Bewerben<\/span>\n\t\t\t\t\t<\/span>\n\t\t\t\t\t<\/a>\n\t\t\t\t<\/div>\n\t\t\t\t\t\t\t\t<\/div>\n\t\t\t\t<\/div>\n\t\t\t\t\t<\/div>\n\t\t<\/div>\n\t\t\t\t\t<\/div>\n\t\t<\/section>\n\t\t\t\t<\/div>","protected":false},"excerpt":{"rendered":"<p>Fitness-Instruktor (m\/w) &#8211; 40-100% M\u00fcnchenbuchsee Jobbeschreibung Central Gym ist eine junge und dynamisch wachsende Fitnesskette, bekannt f\u00fcr ihre hochwertigen Einrichtungen und ihr Engagement f\u00fcr Spitzenleistungen. Unsere modernen, gut ausgestatteten Studios bieten eine motivierende Umgebung f\u00fcr Fitness und Wohlbefinden. Jedes Detail unserer R\u00e4umlichkeiten wurde sorgf\u00e4ltig geplant, um ein au\u00dfergew\u00f6hnliches Trainingserlebnis zu bieten und die Erwartungen unserer [&hellip;]<\/p>\n","protected":false},"author":1,"featured_media":0,"parent":0,"menu_order":0,"comment_status":"closed","ping_status":"closed","template":"","meta":{"_oasis_is_in_workflow":0,"_oasis_original":0,"site-sidebar-layout":"no-sidebar","site-content-layout":"page-builder","ast-site-content-layout":"default","site-content-style":"default","site-sidebar-style":"default","ast-global-header-display":"","ast-banner-title-visibility":"","ast-main-header-display":"","ast-hfb-above-header-display":"","ast-hfb-below-header-display":"","ast-hfb-mobile-header-display":"","site-post-title":"disabled","ast-breadcrumbs-content":"","ast-featured-img":"disabled","footer-sml-layout":"","ast-disable-related-posts":"","theme-transparent-header-meta":"","adv-header-id-meta":"","stick-header-meta":"","header-above-stick-meta":"","header-main-stick-meta":"","header-below-stick-meta":"","astra-migrate-meta-layouts":"default","ast-page-background-enabled":"default","ast-page-background-meta":{"desktop":{"background-color":"","background-image":"","background-repeat":"repeat","background-position":"center center","background-size":"auto","background-attachment":"scroll","background-type":"","background-media":"","overlay-type":"","overlay-color":"","overlay-opacity":"","overlay-gradient":""},"tablet":{"background-color":"","background-image":"","background-repeat":"repeat","background-position":"center center","background-size":"auto","background-attachment":"scroll","background-type":"","background-media":"","overlay-type":"","overlay-color":"","overlay-opacity":"","overlay-gradient":""},"mobile":{"background-color":"","background-image":"","background-repeat":"repeat","background-position":"center center","background-size":"auto","background-attachment":"scroll","background-type":"","background-media":"","overlay-type":"","overlay-color":"","overlay-opacity":"","overlay-gradient":""}},"ast-content-background-meta":{"desktop":{"background-color":"var(--ast-global-color-5)","background-image":"","background-repeat":"repeat","background-position":"center center","background-size":"auto","background-attachment":"scroll","background-type":"","background-media":"","overlay-type":"","overlay-color":"","overlay-opacity":"","overlay-gradient":""},"tablet":{"background-color":"var(--ast-global-color-5)","background-image":"","background-repeat":"repeat","background-position":"center center","background-size":"auto","background-attachment":"scroll","background-type":"","background-media":"","overlay-type":"","overlay-color":"","overlay-opacity":"","overlay-gradient":""},"mobile":{"background-color":"var(--ast-global-color-5)","background-image":"","background-repeat":"repeat","background-position":"center center","background-size":"auto","background-attachment":"scroll","background-type":"","background-media":"","overlay-type":"","overlay-color":"","overlay-opacity":"","overlay-gradient":""}},"footnotes":""},"class_list":["post-7294","page","type-page","status-publish","hentry"],"yoast_head":"<!-- This site is optimized with the Yoast SEO plugin v26.6 - https:\/\/yoast.com\/wordpress\/plugins\/seo\/ -->\n<title>M\u00fcnchenbuchsee-job-fitnessinstruktor - Central Gym<\/title>\n<meta name=\"robots\" content=\"index, follow, max-snippet:-1, max-image-preview:large, max-video-preview:-1\" \/>\n<link rel=\"canonical\" href=\"https:\/\/centralgym.ch\/de\/munchenbuchsee-job-fitnessinstruktor\/\" \/>\n<meta property=\"og:locale\" content=\"de_DE\" \/>\n<meta property=\"og:type\" content=\"article\" \/>\n<meta property=\"og:title\" content=\"M\u00fcnchenbuchsee-job-fitnessinstruktor - Central Gym\" \/>\n<meta property=\"og:description\" content=\"Fitness-Instruktor (m\/w) &#8211; 40-100% M\u00fcnchenbuchsee Jobbeschreibung Central Gym ist eine junge und dynamisch wachsende Fitnesskette, bekannt f\u00fcr ihre hochwertigen Einrichtungen und ihr Engagement f\u00fcr Spitzenleistungen. Unsere modernen, gut ausgestatteten Studios bieten eine motivierende Umgebung f\u00fcr Fitness und Wohlbefinden. Jedes Detail unserer R\u00e4umlichkeiten wurde sorgf\u00e4ltig geplant, um ein au\u00dfergew\u00f6hnliches Trainingserlebnis zu bieten und die Erwartungen unserer [&hellip;]\" \/>\n<meta property=\"og:url\" content=\"https:\/\/centralgym.ch\/de\/munchenbuchsee-job-fitnessinstruktor\/\" \/>\n<meta property=\"og:site_name\" content=\"Central Gym\" \/>\n<meta property=\"article:modified_time\" content=\"2023-07-20T10:23:23+00:00\" \/>\n<meta name=\"twitter:card\" content=\"summary_large_image\" \/>\n<meta name=\"twitter:label1\" content=\"Gesch\u00e4tzte Lesezeit\" \/>\n\t<meta name=\"twitter:data1\" content=\"1\u00a0Minute\" \/>\n<script type=\"application\/ld+json\" class=\"yoast-schema-graph\">{\"@context\":\"https:\/\/schema.org\",\"@graph\":[{\"@type\":\"WebPage\",\"@id\":\"https:\/\/centralgym.ch\/munchenbuchsee-job-fitnessinstruktor\/\",\"url\":\"https:\/\/centralgym.ch\/munchenbuchsee-job-fitnessinstruktor\/\",\"name\":\"M\u00fcnchenbuchsee-job-fitnessinstruktor - Central Gym\",\"isPartOf\":{\"@id\":\"https:\/\/centralgym.ch\/#website\"},\"datePublished\":\"2023-07-20T10:01:36+00:00\",\"dateModified\":\"2023-07-20T10:23:23+00:00\",\"breadcrumb\":{\"@id\":\"https:\/\/centralgym.ch\/munchenbuchsee-job-fitnessinstruktor\/#breadcrumb\"},\"inLanguage\":\"de\",\"potentialAction\":[{\"@type\":\"ReadAction\",\"target\":[\"https:\/\/centralgym.ch\/munchenbuchsee-job-fitnessinstruktor\/\"]}]},{\"@type\":\"BreadcrumbList\",\"@id\":\"https:\/\/centralgym.ch\/munchenbuchsee-job-fitnessinstruktor\/#breadcrumb\",\"itemListElement\":[{\"@type\":\"ListItem\",\"position\":1,\"name\":\"Accueil\",\"item\":\"https:\/\/centralgym.ch\/\"},{\"@type\":\"ListItem\",\"position\":2,\"name\":\"M\u00fcnchenbuchsee-job-fitnessinstruktor\"}]},{\"@type\":\"WebSite\",\"@id\":\"https:\/\/centralgym.ch\/#website\",\"url\":\"https:\/\/centralgym.ch\/\",\"name\":\"Central Gym\",\"description\":\"Fitness &amp; Wellness\",\"publisher\":{\"@id\":\"https:\/\/centralgym.ch\/#organization\"},\"potentialAction\":[{\"@type\":\"SearchAction\",\"target\":{\"@type\":\"EntryPoint\",\"urlTemplate\":\"https:\/\/centralgym.ch\/?s={search_term_string}\"},\"query-input\":{\"@type\":\"PropertyValueSpecification\",\"valueRequired\":true,\"valueName\":\"search_term_string\"}}],\"inLanguage\":\"de\"},{\"@type\":\"Organization\",\"@id\":\"https:\/\/centralgym.ch\/#organization\",\"name\":\"Central Gym\",\"url\":\"https:\/\/centralgym.ch\/\",\"logo\":{\"@type\":\"ImageObject\",\"inLanguage\":\"de\",\"@id\":\"https:\/\/centralgym.ch\/#\/schema\/logo\/image\/\",\"url\":\"https:\/\/centralgym.ch\/wp-content\/uploads\/2021\/06\/CG-Logo-Fin-OL-e1623298913229.png\",\"contentUrl\":\"https:\/\/centralgym.ch\/wp-content\/uploads\/2021\/06\/CG-Logo-Fin-OL-e1623298913229.png\",\"width\":500,\"height\":137,\"caption\":\"Central Gym\"},\"image\":{\"@id\":\"https:\/\/centralgym.ch\/#\/schema\/logo\/image\/\"}}]}<\/script>\n<!-- \/ Yoast SEO plugin. -->","yoast_head_json":{"title":"M\u00fcnchenbuchsee-job-fitnessinstruktor - Central Gym","robots":{"index":"index","follow":"follow","max-snippet":"max-snippet:-1","max-image-preview":"max-image-preview:large","max-video-preview":"max-video-preview:-1"},"canonical":"https:\/\/centralgym.ch\/de\/munchenbuchsee-job-fitnessinstruktor\/","og_locale":"de_DE","og_type":"article","og_title":"M\u00fcnchenbuchsee-job-fitnessinstruktor - Central Gym","og_description":"Fitness-Instruktor (m\/w) &#8211; 40-100% M\u00fcnchenbuchsee Jobbeschreibung Central Gym ist eine junge und dynamisch wachsende Fitnesskette, bekannt f\u00fcr ihre hochwertigen Einrichtungen und ihr Engagement f\u00fcr Spitzenleistungen. Unsere modernen, gut ausgestatteten Studios bieten eine motivierende Umgebung f\u00fcr Fitness und Wohlbefinden. Jedes Detail unserer R\u00e4umlichkeiten wurde sorgf\u00e4ltig geplant, um ein au\u00dfergew\u00f6hnliches Trainingserlebnis zu bieten und die Erwartungen unserer [&hellip;]","og_url":"https:\/\/centralgym.ch\/de\/munchenbuchsee-job-fitnessinstruktor\/","og_site_name":"Central Gym","article_modified_time":"2023-07-20T10:23:23+00:00","twitter_card":"summary_large_image","twitter_misc":{"Gesch\u00e4tzte Lesezeit":"1\u00a0Minute"},"schema":{"@context":"https:\/\/schema.org","@graph":[{"@type":"WebPage","@id":"https:\/\/centralgym.ch\/munchenbuchsee-job-fitnessinstruktor\/","url":"https:\/\/centralgym.ch\/munchenbuchsee-job-fitnessinstruktor\/","name":"M\u00fcnchenbuchsee-job-fitnessinstruktor - Central Gym","isPartOf":{"@id":"https:\/\/centralgym.ch\/#website"},"datePublished":"2023-07-20T10:01:36+00:00","dateModified":"2023-07-20T10:23:23+00:00","breadcrumb":{"@id":"https:\/\/centralgym.ch\/munchenbuchsee-job-fitnessinstruktor\/#breadcrumb"},"inLanguage":"de","potentialAction":[{"@type":"ReadAction","target":["https:\/\/centralgym.ch\/munchenbuchsee-job-fitnessinstruktor\/"]}]},{"@type":"BreadcrumbList","@id":"https:\/\/centralgym.ch\/munchenbuchsee-job-fitnessinstruktor\/#breadcrumb","itemListElement":[{"@type":"ListItem","position":1,"name":"Accueil","item":"https:\/\/centralgym.ch\/"},{"@type":"ListItem","position":2,"name":"M\u00fcnchenbuchsee-job-fitnessinstruktor"}]},{"@type":"WebSite","@id":"https:\/\/centralgym.ch\/#website","url":"https:\/\/centralgym.ch\/","name":"Central Gym","description":"Fitness &amp; Wellness","publisher":{"@id":"https:\/\/centralgym.ch\/#organization"},"potentialAction":[{"@type":"SearchAction","target":{"@type":"EntryPoint","urlTemplate":"https:\/\/centralgym.ch\/?s={search_term_string}"},"query-input":{"@type":"PropertyValueSpecification","valueRequired":true,"valueName":"search_term_string"}}],"inLanguage":"de"},{"@type":"Organization","@id":"https:\/\/centralgym.ch\/#organization","name":"Central Gym","url":"https:\/\/centralgym.ch\/","logo":{"@type":"ImageObject","inLanguage":"de","@id":"https:\/\/centralgym.ch\/#\/schema\/logo\/image\/","url":"https:\/\/centralgym.ch\/wp-content\/uploads\/2021\/06\/CG-Logo-Fin-OL-e1623298913229.png","contentUrl":"https:\/\/centralgym.ch\/wp-content\/uploads\/2021\/06\/CG-Logo-Fin-OL-e1623298913229.png","width":500,"height":137,"caption":"Central Gym"},"image":{"@id":"https:\/\/centralgym.ch\/#\/schema\/logo\/image\/"}}]}},"_links":{"self":[{"href":"https:\/\/centralgym.ch\/de\/wp-json\/wp\/v2\/pages\/7294","targetHints":{"allow":["GET"]}}],"collection":[{"href":"https:\/\/centralgym.ch\/de\/wp-json\/wp\/v2\/pages"}],"about":[{"href":"https:\/\/centralgym.ch\/de\/wp-json\/wp\/v2\/types\/page"}],"author":[{"embeddable":true,"href":"https:\/\/centralgym.ch\/de\/wp-json\/wp\/v2\/users\/1"}],"replies":[{"embeddable":true,"href":"https:\/\/centralgym.ch\/de\/wp-json\/wp\/v2\/comments?post=7294"}],"version-history":[{"count":0,"href":"https:\/\/centralgym.ch\/de\/wp-json\/wp\/v2\/pages\/7294\/revisions"}],"wp:attachment":[{"href":"https:\/\/centralgym.ch\/de\/wp-json\/wp\/v2\/media?parent=7294"}],"curies":[{"name":"wp","href":"https:\/\/api.w.org\/{rel}","templated":true}]}}